{"id":66,"date":"2024-02-22T15:10:23","date_gmt":"2024-02-22T15:10:23","guid":{"rendered":"https:\/\/www.prosono.at\/?page_id=66"},"modified":"2026-02-24T17:06:51","modified_gmt":"2026-02-24T17:06:51","slug":"startseite-2","status":"publish","type":"page","link":"https:\/\/www.prosono.at\/","title":{"rendered":"Startseite"},"content":{"rendered":"\t\t<div data-elementor-type=\"wp-page\" data-elementor-id=\"66\" class=\"elementor elementor-66\" data-elementor-post-type=\"page\">\n\t\t\t\t<div class=\"elementor-element elementor-element-9e681d8 e-flex e-con-boxed e-con e-parent\" data-id=\"9e681d8\" data-element_type=\"container\" data-e-type=\"container\" data-settings=\"{&quot;background_background&quot;:&quot;classic&quot;}\">\n\t\t\t\t\t<div class=\"e-con-inner\">\n\t\t\t\t<div class=\"elementor-element elementor-element-2b90cba elementor-widget elementor-widget-spacer\" data-id=\"2b90cba\" data-element_type=\"widget\" data-e-type=\"widget\" data-widget_type=\"spacer.default\">\n\t\t\t\t<div class=\"elementor-widget-container\">\n\t\t\t\t\t\t\t<div class=\"elementor-spacer\">\n\t\t\t<div class=\"elementor-spacer-inner\"><\/div>\n\t\t<\/div>\n\t\t\t\t\t\t<\/div>\n\t\t\t\t<\/div>\n\t\t\t\t<div class=\"elementor-element elementor-element-6995732 elementor-widget elementor-widget-image\" data-id=\"6995732\" data-element_type=\"widget\" data-e-type=\"widget\" data-widget_type=\"image.default\">\n\t\t\t\t<div class=\"elementor-widget-container\">\n\t\t\t\t\t\t\t\t\t\t\t\t\t\t\t<img fetchpriority=\"high\" decoding=\"async\" width=\"2560\" height=\"1404\" src=\"https:\/\/www.prosono.at\/wp-content\/uploads\/2026\/02\/Basilika-2026-scaled.png\" class=\"attachment-full size-full wp-image-1591\" alt=\"\" srcset=\"https:\/\/www.prosono.at\/wp-content\/uploads\/2026\/02\/Basilika-2026-scaled.png 2560w, https:\/\/www.prosono.at\/wp-content\/uploads\/2026\/02\/Basilika-2026-300x165.png 300w, https:\/\/www.prosono.at\/wp-content\/uploads\/2026\/02\/Basilika-2026-1024x562.png 1024w, https:\/\/www.prosono.at\/wp-content\/uploads\/2026\/02\/Basilika-2026-768x421.png 768w, https:\/\/www.prosono.at\/wp-content\/uploads\/2026\/02\/Basilika-2026-1536x842.png 1536w, https:\/\/www.prosono.at\/wp-content\/uploads\/2026\/02\/Basilika-2026-2048x1123.png 2048w\" sizes=\"(max-width: 2560px) 100vw, 2560px\" \/>\t\t\t\t\t\t\t\t\t\t\t\t\t\t\t<\/div>\n\t\t\t\t<\/div>\n\t\t\t\t\t<\/div>\n\t\t\t\t<\/div>\n\t\t<div class=\"elementor-element elementor-element-69aa9eb e-flex e-con-boxed e-con e-parent\" data-id=\"69aa9eb\" data-element_type=\"container\" data-e-type=\"container\" data-settings=\"{&quot;background_background&quot;:&quot;classic&quot;}\">\n\t\t\t\t\t<div class=\"e-con-inner\">\n\t\t<div class=\"elementor-element elementor-element-e990839 e-con-full e-flex e-con e-child\" data-id=\"e990839\" data-element_type=\"container\" data-e-type=\"container\">\n\t\t\t\t<div class=\"elementor-element elementor-element-1d15c65 elementor-widget elementor-widget-image\" data-id=\"1d15c65\" data-element_type=\"widget\" data-e-type=\"widget\" data-widget_type=\"image.default\">\n\t\t\t\t<div class=\"elementor-widget-container\">\n\t\t\t\t\t\t\t\t\t\t\t\t\t\t\t<img decoding=\"async\" src=\"https:\/\/www.prosono.at\/wp-content\/uploads\/elementor\/thumbs\/PS_Logo_dunkelgrau-ql3fgy0wf5y95l8yv2mji20zsivphccwymowagqpbi.png\" title=\"PS_Logo_dunkelgrau\" alt=\"PS_Logo_dunkelgrau\" loading=\"lazy\" \/>\t\t\t\t\t\t\t\t\t\t\t\t\t\t\t<\/div>\n\t\t\t\t<\/div>\n\t\t\t\t<\/div>\n\t\t<div class=\"elementor-element elementor-element-2517a74 e-con-full e-flex e-con e-child\" data-id=\"2517a74\" data-element_type=\"container\" data-e-type=\"container\" data-settings=\"{&quot;background_background&quot;:&quot;classic&quot;}\">\n\t\t\t\t<div class=\"elementor-element elementor-element-c6e40ec elementor-widget elementor-widget-text-editor\" data-id=\"c6e40ec\" data-element_type=\"widget\" data-e-type=\"widget\" data-widget_type=\"text-editor.default\">\n\t\t\t\t<div class=\"elementor-widget-container\">\n\t\t\t\t\t\t\t\t\t<p>Im J\u00e4nner 2024 wurde das Vokalensemble ProSono neu gegr\u00fcndet. Mit dem versierten und bew\u00e4hrten Chorleiter Jakob Seiwald wird in ansprechenden und niveauvollen Konzerten ausgew\u00e4hlte Literatur f\u00fcr Vokalensemble zur Auff\u00fchrung gebracht. Hierbei reicht die Bandbreite von Alter Musik der Renaissance- und Barockzeit bis hin zur Moderne bzw. Stilrichtung der Avantgarde.<\/p>\t\t\t\t\t\t\t\t<\/div>\n\t\t\t\t<\/div>\n\t\t\t\t<\/div>\n\t\t\t\t\t<\/div>\n\t\t\t\t<\/div>\n\t\t\t\t<\/div>\n\t\t","protected":false},"excerpt":{"rendered":"<p>Im J\u00e4nner 2024 wurde das Vokalensemble ProSono neu gegr\u00fcndet. Mit dem versierten und bew\u00e4hrten Chorleiter Jakob Seiwald wird in ansprechenden und niveauvollen Konzerten ausgew\u00e4hlte Literatur f\u00fcr Vokalensemble zur Auff\u00fchrung gebracht. Hierbei reicht die Bandbreite von Alter Musik der Renaissance- und Barockzeit bis hin zur Moderne bzw. Stilrichtung der Avantgarde.<\/p>\n","protected":false},"author":1,"featured_media":0,"parent":0,"menu_order":0,"comment_status":"closed","ping_status":"closed","template":"","meta":{"footnotes":""},"class_list":["post-66","page","type-page","status-publish","hentry"],"aioseo_notices":[],"_links":{"self":[{"href":"https:\/\/www.prosono.at\/index.php?rest_route=\/wp\/v2\/pages\/66","targetHints":{"allow":["GET"]}}],"collection":[{"href":"https:\/\/www.prosono.at\/index.php?rest_route=\/wp\/v2\/pages"}],"about":[{"href":"https:\/\/www.prosono.at\/index.php?rest_route=\/wp\/v2\/types\/page"}],"author":[{"embeddable":true,"href":"https:\/\/www.prosono.at\/index.php?rest_route=\/wp\/v2\/users\/1"}],"replies":[{"embeddable":true,"href":"https:\/\/www.prosono.at\/index.php?rest_route=%2Fwp%2Fv2%2Fcomments&post=66"}],"version-history":[{"count":92,"href":"https:\/\/www.prosono.at\/index.php?rest_route=\/wp\/v2\/pages\/66\/revisions"}],"predecessor-version":[{"id":1594,"href":"https:\/\/www.prosono.at\/index.php?rest_route=\/wp\/v2\/pages\/66\/revisions\/1594"}],"wp:attachment":[{"href":"https:\/\/www.prosono.at\/index.php?rest_route=%2Fwp%2Fv2%2Fmedia&parent=66"}],"curies":[{"name":"wp","href":"https:\/\/api.w.org\/{rel}","templated":true}]}}