{"id":63,"date":"2024-02-22T15:10:23","date_gmt":"2024-02-22T15:10:23","guid":{"rendered":"https:\/\/www.prosono.at\/?page_id=63"},"modified":"2025-12-03T08:39:18","modified_gmt":"2025-12-03T08:39:18","slug":"ueber-uns","status":"publish","type":"page","link":"https:\/\/www.prosono.at\/?page_id=63","title":{"rendered":"Leitung"},"content":{"rendered":"\t\t<div data-elementor-type=\"wp-page\" data-elementor-id=\"63\" class=\"elementor elementor-63\" data-elementor-post-type=\"page\">\n\t\t\t\t\t\t<section class=\"elementor-section elementor-top-section elementor-element elementor-element-4c83bdac elementor-section-stretched elementor-section-full_width elementor-section-height-default elementor-section-height-default\" data-id=\"4c83bdac\" data-element_type=\"section\" data-e-type=\"section\" data-settings=\"{&quot;stretch_section&quot;:&quot;section-stretched&quot;,&quot;background_background&quot;:&quot;classic&quot;}\">\n\t\t\t\t\t\t<div class=\"elementor-container elementor-column-gap-default\">\n\t\t\t\t\t<div class=\"elementor-column elementor-col-100 elementor-top-column elementor-element elementor-element-1c7c6854\" data-id=\"1c7c6854\" data-element_type=\"column\" data-e-type=\"column\">\n\t\t\t<div class=\"elementor-widget-wrap elementor-element-populated\">\n\t\t\t\t\t\t<div class=\"elementor-element elementor-element-7823b38 elementor-widget elementor-widget-spacer\" data-id=\"7823b38\" data-element_type=\"widget\" data-e-type=\"widget\" data-widget_type=\"spacer.default\">\n\t\t\t\t<div class=\"elementor-widget-container\">\n\t\t\t\t\t\t\t<div class=\"elementor-spacer\">\n\t\t\t<div class=\"elementor-spacer-inner\"><\/div>\n\t\t<\/div>\n\t\t\t\t\t\t<\/div>\n\t\t\t\t<\/div>\n\t\t\t\t\t<\/div>\n\t\t<\/div>\n\t\t\t\t\t<\/div>\n\t\t<\/section>\n\t\t\t\t<section class=\"elementor-section elementor-top-section elementor-element elementor-element-423e065 elementor-section-boxed elementor-section-height-default elementor-section-height-default\" data-id=\"423e065\" data-element_type=\"section\" data-e-type=\"section\" data-settings=\"{&quot;background_background&quot;:&quot;classic&quot;}\">\n\t\t\t\t\t\t<div class=\"elementor-container elementor-column-gap-default\">\n\t\t\t\t\t<div class=\"elementor-column elementor-col-100 elementor-top-column elementor-element elementor-element-f1eaa14\" data-id=\"f1eaa14\" data-element_type=\"column\" data-e-type=\"column\">\n\t\t\t<div class=\"elementor-widget-wrap elementor-element-populated\">\n\t\t\t\t\t\t<div class=\"elementor-element elementor-element-6d4d986 elementor-widget elementor-widget-heading\" data-id=\"6d4d986\" data-element_type=\"widget\" data-e-type=\"widget\" data-widget_type=\"heading.default\">\n\t\t\t\t<div class=\"elementor-widget-container\">\n\t\t\t\t\t<h1 class=\"elementor-heading-title elementor-size-default\">Leitung<\/h1>\t\t\t\t<\/div>\n\t\t\t\t<\/div>\n\t\t\t\t<div class=\"elementor-element elementor-element-f15f719 elementor-position-left elementor-vertical-align-top elementor-widget elementor-widget-image-box\" data-id=\"f15f719\" data-element_type=\"widget\" data-e-type=\"widget\" data-widget_type=\"image-box.default\">\n\t\t\t\t<div class=\"elementor-widget-container\">\n\t\t\t\t\t<div class=\"elementor-image-box-wrapper\"><figure class=\"elementor-image-box-img\"><img fetchpriority=\"high\" decoding=\"async\" width=\"400\" height=\"600\" src=\"https:\/\/www.prosono.at\/wp-content\/uploads\/2024\/03\/seiwald-82-von-88_klein.jpg\" class=\"attachment-full size-full wp-image-620\" alt=\"\" srcset=\"https:\/\/www.prosono.at\/wp-content\/uploads\/2024\/03\/seiwald-82-von-88_klein.jpg 400w, https:\/\/www.prosono.at\/wp-content\/uploads\/2024\/03\/seiwald-82-von-88_klein-200x300.jpg 200w\" sizes=\"(max-width: 400px) 100vw, 400px\" \/><\/figure><div class=\"elementor-image-box-content\"><h3 class=\"elementor-image-box-title\">Jakob Seiwald<\/h3><p class=\"elementor-image-box-description\"><b>Chor- und musikalische Gesamtleitung<\/b><br><br><p>Jakob Seiwald studierte Chor- und Ensembleleitung am Tiroler Landeskonservatorium und Konzertharfe sowie Gesang am Mozarteum Salzburg\/Innsbruck. Der junge Dirigent\/Chorleiter\/ Kapellmeister Seiwald konnte sein letztes Studium im J\u00e4nner 2024 erfolgreich abschlie\u00dfen und ist nunmehr schon etliche Jahre in der in- und ausl\u00e4ndischen Kunstszene als Musiker und musikalischer Leiter h\u00f6chst aktiv. <\/p>\n<p>Seiwalds musikalische Wurzeln sind unter anderem bei den Wiltener S\u00e4ngerknaben zu finden, wo er als Knabe (sp\u00e4ter als M\u00e4nnerstimme) 14 Jahre als Solist singen und umfassende B\u00fchnen- und Opernerfahrung in Europa und auch Asien sammeln durfte. Neben seiner instrumentalen Ausbildung an der Musikschule in den F\u00e4chern Konzertharfe und Orgel leitete Jakob Seiwald mit 17 Jahren seinen ersten Chor. Diesen baute er in \u00fcber 7 Jahren motivierter, musikalischer Arbeit zu einem beachtlichen Klangk\u00f6rper aus. Zwischenzeitlich leitete Seiwald \u00fcber Jahre hinweg 3 Ch\u00f6re und gr\u00fcndete Ende 2021 das Orchester \u201eCamerata Musica Innsbruck\u201c, mit dem er bereits mehrmals erfolgreich in \u00d6sterreich konzertieren konnte.<\/p>\n<p>Der Tiroler ist seit 2020 beim Universit\u00e4tsorchester Innsbruck (Symphonie Orchester) der Leopold-Franzens-Universit\u00e4t als Assistenzdirigent sehr aktiv. Zudem leitet er seit 2022 das Blasorchester der Stadtmusik Landeck-Perjen und seit Jahresbeginn 2025 ebenfalls das Blasorchester der Musikkapelle G\u00f6tzens. \nNeben seiner T\u00e4tigkeit als Dirigent ist er an der Harfe auch bei verschiedenen Ensembles wie der Begglmusi h\u00f6rbar und tritt zudem als Solist auf. Seiwald gibt auch Rezitale und ist als Konzertharfenist und S\u00e4nger konzertant t\u00e4tig - somit ist er als Referent auf diversen Seminaren und als Gastkapellmeister und Dirigent sehr gefragt. <br><br>\nIm Mai 2025 wurde Seiwald in Ober\u00f6sterreich zum Dirigenten des Kurorchesters Bad Ischl bestellt. Als Intendant des Kulturprogramms der Kurmusik 2025 und zukunftsweisend f\u00fcr die Kulturmarke \"Kulturkammergut\" zeichnet er sich seit diesem Jahr f\u00fcr die k\u00fcnstlerischen Geschicke in der Stadt Bad Ischl verantwortlich.<\/p>\n<p>Mit der Neugr\u00fcndung des Vokalensembles ProSono beschreitet Seiwald mit sehr guten S\u00e4ngerInnen aus dem Laien und Profi-Bereich neue Wege. Die Sch\u00f6nheit des abgestimmten Ensembleklangs und die umfangreichen M\u00f6glichkeiten h\u00f6chstanspruchsvoller Literatur stehen bei der Erarbeitung und den Auff\u00fchrungen dabei im Fokus. <\/p><\/p><\/div><\/div>\t\t\t\t<\/div>\n\t\t\t\t<\/div>\n\t\t\t\t<div class=\"elementor-element elementor-element-9fb2491 elementor-widget elementor-widget-spacer\" data-id=\"9fb2491\" data-element_type=\"widget\" data-e-type=\"widget\" data-widget_type=\"spacer.default\">\n\t\t\t\t<div class=\"elementor-widget-container\">\n\t\t\t\t\t\t\t<div class=\"elementor-spacer\">\n\t\t\t<div class=\"elementor-spacer-inner\"><\/div>\n\t\t<\/div>\n\t\t\t\t\t\t<\/div>\n\t\t\t\t<\/div>\n\t\t\t\t\t<\/div>\n\t\t<\/div>\n\t\t\t\t\t<\/div>\n\t\t<\/section>\n\t\t\t\t<\/div>\n\t\t","protected":false},"excerpt":{"rendered":"<p>Leitung Jakob Seiwald Chor- und musikalische Gesamtleitung Jakob Seiwald studierte Chor- und Ensembleleitung am Tiroler Landeskonservatorium und Konzertharfe sowie Gesang am Mozarteum Salzburg\/Innsbruck. Der junge Dirigent\/Chorleiter\/ Kapellmeister Seiwald konnte sein letztes Studium im J\u00e4nner 2024 erfolgreich abschlie\u00dfen und ist nunmehr schon etliche Jahre in der in- und ausl\u00e4ndischen Kunstszene als Musiker und musikalischer Leiter h\u00f6chst [&hellip;]<\/p>\n","protected":false},"author":1,"featured_media":0,"parent":0,"menu_order":0,"comment_status":"closed","ping_status":"closed","template":"elementor_header_footer","meta":{"footnotes":""},"class_list":["post-63","page","type-page","status-publish","hentry"],"aioseo_notices":[],"_links":{"self":[{"href":"https:\/\/www.prosono.at\/index.php?rest_route=\/wp\/v2\/pages\/63","targetHints":{"allow":["GET"]}}],"collection":[{"href":"https:\/\/www.prosono.at\/index.php?rest_route=\/wp\/v2\/pages"}],"about":[{"href":"https:\/\/www.prosono.at\/index.php?rest_route=\/wp\/v2\/types\/page"}],"author":[{"embeddable":true,"href":"https:\/\/www.prosono.at\/index.php?rest_route=\/wp\/v2\/users\/1"}],"replies":[{"embeddable":true,"href":"https:\/\/www.prosono.at\/index.php?rest_route=%2Fwp%2Fv2%2Fcomments&post=63"}],"version-history":[{"count":182,"href":"https:\/\/www.prosono.at\/index.php?rest_route=\/wp\/v2\/pages\/63\/revisions"}],"predecessor-version":[{"id":1556,"href":"https:\/\/www.prosono.at\/index.php?rest_route=\/wp\/v2\/pages\/63\/revisions\/1556"}],"wp:attachment":[{"href":"https:\/\/www.prosono.at\/index.php?rest_route=%2Fwp%2Fv2%2Fmedia&parent=63"}],"curies":[{"name":"wp","href":"https:\/\/api.w.org\/{rel}","templated":true}]}}