{"id":57,"date":"2024-02-22T15:10:22","date_gmt":"2024-02-22T15:10:22","guid":{"rendered":"https:\/\/www.prosono.at\/?page_id=57"},"modified":"2026-02-24T16:47:07","modified_gmt":"2026-02-24T16:47:07","slug":"termine","status":"publish","type":"page","link":"https:\/\/www.prosono.at\/?page_id=57","title":{"rendered":"Konzerte"},"content":{"rendered":"\t\t<div data-elementor-type=\"wp-page\" data-elementor-id=\"57\" class=\"elementor elementor-57\" data-elementor-post-type=\"page\">\n\t\t\t\t\t\t<section class=\"elementor-section elementor-top-section elementor-element elementor-element-33efcb20 elementor-section-boxed elementor-section-height-default elementor-section-height-default\" data-id=\"33efcb20\" data-element_type=\"section\" data-e-type=\"section\" data-settings=\"{&quot;background_background&quot;:&quot;classic&quot;}\">\n\t\t\t\t\t\t<div class=\"elementor-container elementor-column-gap-default\">\n\t\t\t\t\t<div class=\"elementor-column elementor-col-100 elementor-top-column elementor-element elementor-element-4dd8ff4a\" data-id=\"4dd8ff4a\" data-element_type=\"column\" data-e-type=\"column\" data-settings=\"{&quot;background_background&quot;:&quot;classic&quot;}\">\n\t\t\t<div class=\"elementor-widget-wrap elementor-element-populated\">\n\t\t\t\t\t\t<div class=\"elementor-element elementor-element-6aedce6 elementor-widget elementor-widget-spacer\" data-id=\"6aedce6\" data-element_type=\"widget\" data-e-type=\"widget\" data-widget_type=\"spacer.default\">\n\t\t\t\t<div class=\"elementor-widget-container\">\n\t\t\t\t\t\t\t<div class=\"elementor-spacer\">\n\t\t\t<div class=\"elementor-spacer-inner\"><\/div>\n\t\t<\/div>\n\t\t\t\t\t\t<\/div>\n\t\t\t\t<\/div>\n\t\t\t\t<div class=\"elementor-element elementor-element-afbe6ca elementor-widget elementor-widget-heading\" data-id=\"afbe6ca\" data-element_type=\"widget\" data-e-type=\"widget\" data-widget_type=\"heading.default\">\n\t\t\t\t<div class=\"elementor-widget-container\">\n\t\t\t\t\t<h1 class=\"elementor-heading-title elementor-size-default\">Unsere Auftritte 2026<\/h1>\t\t\t\t<\/div>\n\t\t\t\t<\/div>\n\t\t\t\t<div class=\"elementor-element elementor-element-1bb9438 elementor-widget elementor-widget-text-editor\" data-id=\"1bb9438\" data-element_type=\"widget\" data-e-type=\"widget\" data-widget_type=\"text-editor.default\">\n\t\t\t\t<div class=\"elementor-widget-container\">\n\t\t\t\t\t\t\t\t\t<h3>Sommerkonzerte<\/h3><h5>Samstag, 27. Juni 2026<\/h5><p>Piuskirche Innsbruck<\/p><p>\u00a0<\/p><h5>Dienstag, 30. Juni 2026<\/h5><p>Neustift im Stubaital<br \/>Kulturreihe Musiksommer 2026<\/p>\t\t\t\t\t\t\t\t<\/div>\n\t\t\t\t<\/div>\n\t\t\t\t<div class=\"elementor-element elementor-element-d8cb07a elementor-widget elementor-widget-text-editor\" data-id=\"d8cb07a\" data-element_type=\"widget\" data-e-type=\"widget\" data-widget_type=\"text-editor.default\">\n\t\t\t\t<div class=\"elementor-widget-container\">\n\t\t\t\t\t\t\t\t\t<h3>Weihnachtskonzert &#8222;Christmas Carols&#8220;<\/h3><h5>Montag, 7. Dezember 2026<\/h5>\t\t\t\t\t\t\t\t<\/div>\n\t\t\t\t<\/div>\n\t\t\t\t<div class=\"elementor-element elementor-element-1c62860 elementor-widget elementor-widget-text-editor\" data-id=\"1c62860\" data-element_type=\"widget\" data-e-type=\"widget\" data-widget_type=\"text-editor.default\">\n\t\t\t\t<div class=\"elementor-widget-container\">\n\t\t\t\t\t\t\t\t\t<h3><img fetchpriority=\"high\" decoding=\"async\" class=\"size-medium wp-image-1560 alignright\" src=\"https:\/\/www.prosono.at\/wp-content\/uploads\/2025\/12\/Prosono_Zink_Plakat_digital-1-211x300.jpg\" alt=\"\" width=\"211\" height=\"300\" srcset=\"https:\/\/www.prosono.at\/wp-content\/uploads\/2025\/12\/Prosono_Zink_Plakat_digital-1-211x300.jpg 211w, https:\/\/www.prosono.at\/wp-content\/uploads\/2025\/12\/Prosono_Zink_Plakat_digital-1-722x1024.jpg 722w, https:\/\/www.prosono.at\/wp-content\/uploads\/2025\/12\/Prosono_Zink_Plakat_digital-1-768x1090.jpg 768w, https:\/\/www.prosono.at\/wp-content\/uploads\/2025\/12\/Prosono_Zink_Plakat_digital-1-1083x1536.jpg 1083w, https:\/\/www.prosono.at\/wp-content\/uploads\/2025\/12\/Prosono_Zink_Plakat_digital-1-1444x2048.jpg 1444w, https:\/\/www.prosono.at\/wp-content\/uploads\/2025\/12\/Prosono_Zink_Plakat_digital-1.jpg 1748w\" sizes=\"(max-width: 211px) 100vw, 211px\" \/>Kl\u00e4nge alter Meister<\/h3><h5>Freitag, 20. Februar 2026<\/h5><p>20:00 Uhr<br \/>Basilika Wilten Innsbruck \/ Tirol<\/p><p>\u00a0<\/p><h5>Sonntag, 22. Februar 2026<\/h5><p>16:00 Bad Ischl \/ Ober\u00f6sterreich<\/p><p>Doppelch\u00f6rige Werke von Heinrich Sch\u00fctz, Henry Purcell und Andreas Hammerschmidt wurden in Zusammenklang mit historischen Instrumenten des Zink-Ensembles Innsbruck aufgef\u00fchrt.<\/p><p>Wir danken dem an beiden Veranstaltungsorten zahlreich erschienenen Publikum!<\/p>\t\t\t\t\t\t\t\t<\/div>\n\t\t\t\t<\/div>\n\t\t\t\t<div class=\"elementor-element elementor-element-d2b5bda elementor-widget elementor-widget-text-editor\" data-id=\"d2b5bda\" data-element_type=\"widget\" data-e-type=\"widget\" data-widget_type=\"text-editor.default\">\n\t\t\t\t<div class=\"elementor-widget-container\">\n\t\t\t\t\t\t\t\t\t<h1>Archiv<\/h1>\t\t\t\t\t\t\t\t<\/div>\n\t\t\t\t<\/div>\n\t\t\t\t<div class=\"elementor-element elementor-element-73124eb elementor-widget elementor-widget-text-editor\" data-id=\"73124eb\" data-element_type=\"widget\" data-e-type=\"widget\" data-widget_type=\"text-editor.default\">\n\t\t\t\t<div class=\"elementor-widget-container\">\n\t\t\t\t\t\t\t\t\t<h3><img decoding=\"async\" class=\"size-medium wp-image-1510 alignright\" src=\"https:\/\/www.prosono.at\/wp-content\/uploads\/2025\/06\/Georg_Sistrans_Insta-240x300.jpg\" alt=\"\" width=\"240\" height=\"300\" srcset=\"https:\/\/www.prosono.at\/wp-content\/uploads\/2025\/06\/Georg_Sistrans_Insta-240x300.jpg 240w, https:\/\/www.prosono.at\/wp-content\/uploads\/2025\/06\/Georg_Sistrans_Insta-819x1024.jpg 819w, https:\/\/www.prosono.at\/wp-content\/uploads\/2025\/06\/Georg_Sistrans_Insta-768x960.jpg 768w, https:\/\/www.prosono.at\/wp-content\/uploads\/2025\/06\/Georg_Sistrans_Insta-1229x1536.jpg 1229w, https:\/\/www.prosono.at\/wp-content\/uploads\/2025\/06\/Georg_Sistrans_Insta-1639x2048.jpg 1639w, https:\/\/www.prosono.at\/wp-content\/uploads\/2025\/06\/Georg_Sistrans_Insta-scaled.jpg 2048w\" sizes=\"(max-width: 240px) 100vw, 240px\" \/>Sommerkonzerte<\/h3><h5>Dienstag, 17. Juni 2025<\/h5><p>20:30 Uhr<br \/>Pfarrkirche St. Georg, Neustift im Stubaital<\/p><h5>Sonntag, 22. Juni 2025<\/h5><p>18:00 Uhr<br \/>Sistrans, Gemeindezentrum U9\/Vorplatz, Unterdorf 9<\/p><p>Ein Abend voller Humor, Tiefe und Improvisation<\/p><p>Den echten, pointierten und schwarzen Humor gezielt in das Genre des &#8222;Wienerlieds&#8220; zu packen &#8211; dies gelang im vergangenen Jahrhundert wohl kaum einem besser als dem K\u00fcnstler und Komponisten Georg Kreisler (1922-2011). Das Programm pr\u00e4sentiert Lieder dieses \u00f6sterreichischen Komponisten, Pianisten, S\u00e4ngers und Dichters. Georg Kreisler musste aufgrund seiner j\u00fcdischen Herkunft 1938 in die Vereinigten Staaten emigrieren, wo er 1943 die US-amerikanische Staatsb\u00fcrgerschaft annahm. 1955 kehrte er nach Europa zur\u00fcck.<\/p><p>Im Sommer 2025 waren tiefschwarze Werken mit Titeln wie &#8222;Tauben vergiften im Park&#8220; oder &#8222;Please, shoot your husband&#8220; genauso wie tiefgr\u00fcndig gefasste Kreisler Lieder wie &#8222;Warum&#8220; neu aufgelegt f\u00fcr vier- bis f\u00fcnfstimmiges Vokalensemble zu h\u00f6ren.<\/p><p>Abgerundet wurde das stimmige Konzert mit freien Improvisationen des Ausnahmek\u00fcnstlers und Pianisten Georg Thoma am Klavier.<\/p>\t\t\t\t\t\t\t\t<\/div>\n\t\t\t\t<\/div>\n\t\t\t\t<div class=\"elementor-element elementor-element-653dafc elementor-widget elementor-widget-text-editor\" data-id=\"653dafc\" data-element_type=\"widget\" data-e-type=\"widget\" data-widget_type=\"text-editor.default\">\n\t\t\t\t<div class=\"elementor-widget-container\">\n\t\t\t\t\t\t\t\t\t<h3><img decoding=\"async\" class=\" wp-image-1382 alignright\" src=\"https:\/\/www.prosono.at\/wp-content\/uploads\/2025\/03\/Prosono_Bach_Plakat-212x300.jpg\" alt=\"\" width=\"212\" height=\"300\" srcset=\"https:\/\/www.prosono.at\/wp-content\/uploads\/2025\/03\/Prosono_Bach_Plakat-212x300.jpg 212w, https:\/\/www.prosono.at\/wp-content\/uploads\/2025\/03\/Prosono_Bach_Plakat-724x1024.jpg 724w, https:\/\/www.prosono.at\/wp-content\/uploads\/2025\/03\/Prosono_Bach_Plakat-768x1086.jpg 768w, https:\/\/www.prosono.at\/wp-content\/uploads\/2025\/03\/Prosono_Bach_Plakat.jpg 842w\" sizes=\"(max-width: 212px) 100vw, 212px\" \/><\/h3><h3>Bachkonzerte<\/h3><h5>Donnerstag, 3. April 2025<\/h5><p><span style=\"color: var( --e-global-color-text ); font-size: 1rem;\">19:00 Uhr<br \/><\/span><span style=\"color: var( --e-global-color-text ); font-size: 1rem;\">Piuskirche Innsbruck, Neu-Arzl\/Olympisches Dorf<\/span><\/p><p>Die vor\u00f6sterlichen Kantaten &#8222;Christ lag in Todesbanden&#8220; und &#8222;Nach dir, Herr, verlanget mich!&#8220; von Johann Sebastian Bach sowie die Motette &#8222;Unser Leben ist ein Schatten&#8220; von Johann Bach wurden zur Auff\u00fchrung gebracht. Konzertiert wurde gemeinsam mit dem Kammerorchester Camerata Musica Innsbruck und fantastischen SolistInnen auf Originalinstrumenten!<\/p><p>Ein herzlicher Dank geht an die Piuskirche, Pfarre Neu-Arzl.<\/p><p><img loading=\"lazy\" decoding=\"async\" class=\"wp-image-1431 alignright\" src=\"https:\/\/www.prosono.at\/wp-content\/uploads\/2025\/03\/Pius-300x143.png\" alt=\"\" width=\"212\" height=\"101\" srcset=\"https:\/\/www.prosono.at\/wp-content\/uploads\/2025\/03\/Pius-300x143.png 300w, https:\/\/www.prosono.at\/wp-content\/uploads\/2025\/03\/Pius-768x366.png 768w, https:\/\/www.prosono.at\/wp-content\/uploads\/2025\/03\/Pius.png 899w\" sizes=\"(max-width: 212px) 100vw, 212px\" \/><\/p><h5><img loading=\"lazy\" decoding=\"async\" class=\"alignnone size-medium wp-image-1489\" src=\"https:\/\/www.prosono.at\/wp-content\/uploads\/2025\/04\/Chor-3.4.25-300x234.png\" alt=\"\" width=\"300\" height=\"234\" srcset=\"https:\/\/www.prosono.at\/wp-content\/uploads\/2025\/04\/Chor-3.4.25-300x234.png 300w, https:\/\/www.prosono.at\/wp-content\/uploads\/2025\/04\/Chor-3.4.25-1024x800.png 1024w, https:\/\/www.prosono.at\/wp-content\/uploads\/2025\/04\/Chor-3.4.25-768x600.png 768w, https:\/\/www.prosono.at\/wp-content\/uploads\/2025\/04\/Chor-3.4.25-1536x1200.png 1536w, https:\/\/www.prosono.at\/wp-content\/uploads\/2025\/04\/Chor-3.4.25.png 2000w\" sizes=\"(max-width: 300px) 100vw, 300px\" \/><\/h5><h5>Freitag, 4. April 2025<\/h5><h5><img loading=\"lazy\" decoding=\"async\" class=\"alignright wp-image-1459\" src=\"https:\/\/www.prosono.at\/wp-content\/uploads\/2025\/04\/Bad-Ischl-TVB-300x143.png\" alt=\"\" width=\"212\" height=\"101\" srcset=\"https:\/\/www.prosono.at\/wp-content\/uploads\/2025\/04\/Bad-Ischl-TVB-300x143.png 300w, https:\/\/www.prosono.at\/wp-content\/uploads\/2025\/04\/Bad-Ischl-TVB.png 314w\" sizes=\"(max-width: 212px) 100vw, 212px\" \/><\/h5><p>19:00 Uhr<\/p><p><span style=\"color: var( --e-global-color-text ); font-size: 1rem;\">Evangelische Friedenskirche, Bad Ischl<\/span><\/p><p><span style=\"color: var( --e-global-color-text ); font-size: 1rem;\">Veranstalter: <a href=\"https:\/\/www.badischl.at\">Tourismusverband Bad Ischl<\/a><\/span><\/p>\t\t\t\t\t\t\t\t<\/div>\n\t\t\t\t<\/div>\n\t\t\t\t<div class=\"elementor-element elementor-element-376ff57 elementor-widget__width-initial elementor-widget elementor-widget-text-editor\" data-id=\"376ff57\" data-element_type=\"widget\" data-e-type=\"widget\" data-widget_type=\"text-editor.default\">\n\t\t\t\t<div class=\"elementor-widget-container\">\n\t\t\t\t\t\t\t\t\t<h3><img loading=\"lazy\" decoding=\"async\" class=\"size-medium wp-image-1319 alignright\" src=\"https:\/\/www.prosono.at\/wp-content\/uploads\/2024\/11\/ORF-Messe1-212x300.jpg\" alt=\"\" width=\"212\" height=\"300\" srcset=\"https:\/\/www.prosono.at\/wp-content\/uploads\/2024\/11\/ORF-Messe1-212x300.jpg 212w, https:\/\/www.prosono.at\/wp-content\/uploads\/2024\/11\/ORF-Messe1-724x1024.jpg 724w, https:\/\/www.prosono.at\/wp-content\/uploads\/2024\/11\/ORF-Messe1-768x1086.jpg 768w, https:\/\/www.prosono.at\/wp-content\/uploads\/2024\/11\/ORF-Messe1-1086x1536.jpg 1086w, https:\/\/www.prosono.at\/wp-content\/uploads\/2024\/11\/ORF-Messe1-1448x2048.jpg 1448w, https:\/\/www.prosono.at\/wp-content\/uploads\/2024\/11\/ORF-Messe1-scaled.jpg 1810w\" sizes=\"(max-width: 212px) 100vw, 212px\" \/><\/h3><h3>Radiomesse<\/h3><h5>Sonntag, 1. Dezember 2024<\/h5><div>10:00 Uhr<\/div><p>Piuskirche Innsbruck, Neu-Arzl\/Olympisches Dorf<\/p><p>Musikalische Gestaltung der live im Radio \u00fcbertragenen Sonntagsmesse.<\/p><h3><img loading=\"lazy\" decoding=\"async\" class=\"alignnone size-medium wp-image-1330\" src=\"https:\/\/www.prosono.at\/wp-content\/uploads\/2024\/12\/ORF-innen-300x225.jpg\" alt=\"\" width=\"300\" height=\"225\" srcset=\"https:\/\/www.prosono.at\/wp-content\/uploads\/2024\/12\/ORF-innen-300x225.jpg 300w, https:\/\/www.prosono.at\/wp-content\/uploads\/2024\/12\/ORF-innen-1024x768.jpg 1024w, https:\/\/www.prosono.at\/wp-content\/uploads\/2024\/12\/ORF-innen-768x576.jpg 768w, https:\/\/www.prosono.at\/wp-content\/uploads\/2024\/12\/ORF-innen-1536x1152.jpg 1536w, https:\/\/www.prosono.at\/wp-content\/uploads\/2024\/12\/ORF-innen.jpg 2048w\" sizes=\"(max-width: 300px) 100vw, 300px\" \/> <img loading=\"lazy\" decoding=\"async\" class=\"alignnone wp-image-1329\" style=\"font-size: 16px;\" src=\"https:\/\/www.prosono.at\/wp-content\/uploads\/2024\/12\/Kirche-St.-Pius-225x300.jpg\" alt=\"\" width=\"169\" height=\"225\" srcset=\"https:\/\/www.prosono.at\/wp-content\/uploads\/2024\/12\/Kirche-St.-Pius-225x300.jpg 225w, https:\/\/www.prosono.at\/wp-content\/uploads\/2024\/12\/Kirche-St.-Pius-768x1024.jpg 768w, https:\/\/www.prosono.at\/wp-content\/uploads\/2024\/12\/Kirche-St.-Pius-1152x1536.jpg 1152w, https:\/\/www.prosono.at\/wp-content\/uploads\/2024\/12\/Kirche-St.-Pius.jpg 1536w\" sizes=\"(max-width: 169px) 100vw, 169px\" \/><\/h3>\t\t\t\t\t\t\t\t<\/div>\n\t\t\t\t<\/div>\n\t\t\t\t<div class=\"elementor-element elementor-element-cc4c8e4 elementor-widget elementor-widget-text-editor\" data-id=\"cc4c8e4\" data-element_type=\"widget\" data-e-type=\"widget\" data-widget_type=\"text-editor.default\">\n\t\t\t\t<div class=\"elementor-widget-container\">\n\t\t\t\t\t\t\t\t\t<h3><img loading=\"lazy\" decoding=\"async\" class=\"size-medium wp-image-1206 alignright\" src=\"https:\/\/www.prosono.at\/wp-content\/uploads\/2024\/06\/Prosono_Kontraste_240611_A5-212x300.jpg\" alt=\"\" width=\"212\" height=\"300\" srcset=\"https:\/\/www.prosono.at\/wp-content\/uploads\/2024\/06\/Prosono_Kontraste_240611_A5-212x300.jpg 212w, https:\/\/www.prosono.at\/wp-content\/uploads\/2024\/06\/Prosono_Kontraste_240611_A5-724x1024.jpg 724w, https:\/\/www.prosono.at\/wp-content\/uploads\/2024\/06\/Prosono_Kontraste_240611_A5-768x1086.jpg 768w, https:\/\/www.prosono.at\/wp-content\/uploads\/2024\/06\/Prosono_Kontraste_240611_A5-1086x1536.jpg 1086w, https:\/\/www.prosono.at\/wp-content\/uploads\/2024\/06\/Prosono_Kontraste_240611_A5-1448x2048.jpg 1448w, https:\/\/www.prosono.at\/wp-content\/uploads\/2024\/06\/Prosono_Kontraste_240611_A5-scaled.jpg 1810w\" sizes=\"(max-width: 212px) 100vw, 212px\" \/><\/h3><h3>Sommerkonzert<\/h3><h5>Freitag, 28. Juni 2024<\/h5><div>20:00 Uhr<\/div><p>Piuskirche Innsbruck, Neu-Arzl\/Olympisches Dorf<\/p><p lang=\"de-DE\"><span style=\"font-size: large;\"><b>Kontraste<\/b><\/span><\/p><p class=\"elementor-image-box-description\">Am 28. Juni 2024 gaben wir unser Deb\u00fct-Konzert in der Piuskirche Innsbruck. Unter dem Konzerttitel &#8222;Kontraste&#8220; wurden bis zu 8-stimmige, doppelch\u00f6rige Werke der Renaissance und des Fr\u00fchbarocks moderner Vokalensemble Literatur gegen\u00fcbergestellt. Unter der Leitung von Jakob Seiwald wurde das Gesangsensemble von Vibraphon und Piano stimmig abgerundet.<\/p><p>Ein h\u00f6rbarer Genuss, welchen das zahlreich erschienene Publikum mit viel Applaus und standig ovations belohnte.<\/p><p lang=\"de-DE\"><span style=\"font-size: medium;\">Danke an das tolle Publikum und allen musikalisch Mitwirkenden!<\/span><\/p><p lang=\"de-DE\"><img loading=\"lazy\" decoding=\"async\" class=\"size-medium wp-image-1272 alignnone\" src=\"https:\/\/www.prosono.at\/wp-content\/uploads\/2024\/07\/IMG_4134-300x200.jpg\" alt=\"\" width=\"300\" height=\"200\" srcset=\"https:\/\/www.prosono.at\/wp-content\/uploads\/2024\/07\/IMG_4134-300x200.jpg 300w, https:\/\/www.prosono.at\/wp-content\/uploads\/2024\/07\/IMG_4134-1024x683.jpg 1024w, https:\/\/www.prosono.at\/wp-content\/uploads\/2024\/07\/IMG_4134-768x512.jpg 768w, https:\/\/www.prosono.at\/wp-content\/uploads\/2024\/07\/IMG_4134-1536x1024.jpg 1536w, https:\/\/www.prosono.at\/wp-content\/uploads\/2024\/07\/IMG_4134-2048x1365.jpg 2048w\" sizes=\"(max-width: 300px) 100vw, 300px\" \/><\/p>\t\t\t\t\t\t\t\t<\/div>\n\t\t\t\t<\/div>\n\t\t\t\t<div class=\"elementor-element elementor-element-9e8990d elementor-widget elementor-widget-text-editor\" data-id=\"9e8990d\" data-element_type=\"widget\" data-e-type=\"widget\" data-widget_type=\"text-editor.default\">\n\t\t\t\t<div class=\"elementor-widget-container\">\n\t\t\t\t\t\t\t\t\t<h3>Jahrtagsmesse<\/h3><h5>Sonntag, 26. Mai 2024<\/h5><div>10:00 Uhr<\/div><p>Gries am Brenner<\/p><p>Musikalische Gestaltung zum einj\u00e4hrigen Gedenken an Robert Renzler<\/p>\t\t\t\t\t\t\t\t<\/div>\n\t\t\t\t<\/div>\n\t\t\t\t<div class=\"elementor-element elementor-element-74b8027 elementor-widget elementor-widget-text-editor\" data-id=\"74b8027\" data-element_type=\"widget\" data-e-type=\"widget\" data-widget_type=\"text-editor.default\">\n\t\t\t\t<div class=\"elementor-widget-container\">\n\t\t\t\t\t\t\t\t\t<h3><img loading=\"lazy\" decoding=\"async\" class=\"wp-image-176 size-medium alignright\" src=\"https:\/\/www.prosono.at\/wp-content\/uploads\/2024\/02\/Bild_2024-02-29_095917420-300x300.png\" alt=\"Lange Nacht der Ch\u00f6re\" width=\"300\" height=\"300\" srcset=\"https:\/\/www.prosono.at\/wp-content\/uploads\/2024\/02\/Bild_2024-02-29_095917420-300x300.png 300w, https:\/\/www.prosono.at\/wp-content\/uploads\/2024\/02\/Bild_2024-02-29_095917420-150x150.png 150w, https:\/\/www.prosono.at\/wp-content\/uploads\/2024\/02\/Bild_2024-02-29_095917420.png 600w\" sizes=\"(max-width: 300px) 100vw, 300px\" \/><\/h3><h3>Lange Nacht der Ch\u00f6re<\/h3><h5>Mittwoch, 8. Mai 2024<\/h5><p>18:30 Uhr<br \/>Er\u00f6ffnung am Schulhausplatz<\/p><p>19:00 Uhr<br \/>Gotische Kapelle im Schloss Landeck<\/p><p><img loading=\"lazy\" decoding=\"async\" class=\"size-medium wp-image-1202 alignnone\" src=\"https:\/\/www.prosono.at\/wp-content\/uploads\/2024\/06\/Vokalesemble-ProSono-20-300x200.jpg\" alt=\"\" width=\"300\" height=\"200\" srcset=\"https:\/\/www.prosono.at\/wp-content\/uploads\/2024\/06\/Vokalesemble-ProSono-20-300x200.jpg 300w, https:\/\/www.prosono.at\/wp-content\/uploads\/2024\/06\/Vokalesemble-ProSono-20-1024x683.jpg 1024w, https:\/\/www.prosono.at\/wp-content\/uploads\/2024\/06\/Vokalesemble-ProSono-20-768x512.jpg 768w, https:\/\/www.prosono.at\/wp-content\/uploads\/2024\/06\/Vokalesemble-ProSono-20-1536x1024.jpg 1536w, https:\/\/www.prosono.at\/wp-content\/uploads\/2024\/06\/Vokalesemble-ProSono-20-2048x1365.jpg 2048w\" sizes=\"(max-width: 300px) 100vw, 300px\" \/><\/p>\t\t\t\t\t\t\t\t<\/div>\n\t\t\t\t<\/div>\n\t\t\t\t\t<\/div>\n\t\t<\/div>\n\t\t\t\t\t<\/div>\n\t\t<\/section>\n\t\t\t\t<\/div>\n\t\t","protected":false},"excerpt":{"rendered":"<p>Unsere Auftritte 2026 Sommerkonzerte Samstag, 27. Juni 2026 Piuskirche Innsbruck \u00a0 Dienstag, 30. Juni 2026 Neustift im StubaitalKulturreihe Musiksommer 2026 Weihnachtskonzert &#8222;Christmas Carols&#8220; Montag, 7. Dezember 2026 Kl\u00e4nge alter Meister Freitag, 20. Februar 2026 20:00 UhrBasilika Wilten Innsbruck \/ Tirol \u00a0 Sonntag, 22. Februar 2026 16:00 Bad Ischl \/ Ober\u00f6sterreich Doppelch\u00f6rige Werke von Heinrich Sch\u00fctz, [&hellip;]<\/p>\n","protected":false},"author":1,"featured_media":0,"parent":0,"menu_order":0,"comment_status":"closed","ping_status":"closed","template":"elementor_header_footer","meta":{"footnotes":""},"class_list":["post-57","page","type-page","status-publish","hentry"],"aioseo_notices":[],"_links":{"self":[{"href":"https:\/\/www.prosono.at\/index.php?rest_route=\/wp\/v2\/pages\/57","targetHints":{"allow":["GET"]}}],"collection":[{"href":"https:\/\/www.prosono.at\/index.php?rest_route=\/wp\/v2\/pages"}],"about":[{"href":"https:\/\/www.prosono.at\/index.php?rest_route=\/wp\/v2\/types\/page"}],"author":[{"embeddable":true,"href":"https:\/\/www.prosono.at\/index.php?rest_route=\/wp\/v2\/users\/1"}],"replies":[{"embeddable":true,"href":"https:\/\/www.prosono.at\/index.php?rest_route=%2Fwp%2Fv2%2Fcomments&post=57"}],"version-history":[{"count":290,"href":"https:\/\/www.prosono.at\/index.php?rest_route=\/wp\/v2\/pages\/57\/revisions"}],"predecessor-version":[{"id":1588,"href":"https:\/\/www.prosono.at\/index.php?rest_route=\/wp\/v2\/pages\/57\/revisions\/1588"}],"wp:attachment":[{"href":"https:\/\/www.prosono.at\/index.php?rest_route=%2Fwp%2Fv2%2Fmedia&parent=57"}],"curies":[{"name":"wp","href":"https:\/\/api.w.org\/{rel}","templated":true}]}}