{"id":42,"date":"2024-02-22T15:10:21","date_gmt":"2024-02-22T15:10:21","guid":{"rendered":"https:\/\/www.prosono.at\/?page_id=42"},"modified":"2024-05-01T19:44:19","modified_gmt":"2024-05-01T19:44:19","slug":"impressum","status":"publish","type":"page","link":"https:\/\/www.prosono.at\/?page_id=42","title":{"rendered":"Impressum"},"content":{"rendered":"\t\t<div data-elementor-type=\"wp-page\" data-elementor-id=\"42\" class=\"elementor elementor-42\" data-elementor-post-type=\"page\">\n\t\t\t\t\t\t<section class=\"elementor-section elementor-top-section elementor-element elementor-element-290ee9ec elementor-section-boxed elementor-section-height-default elementor-section-height-default\" data-id=\"290ee9ec\" data-element_type=\"section\" data-e-type=\"section\" data-settings=\"{&quot;background_background&quot;:&quot;classic&quot;}\">\n\t\t\t\t\t\t<div class=\"elementor-container elementor-column-gap-default\">\n\t\t\t\t\t<div class=\"elementor-column elementor-col-100 elementor-top-column elementor-element elementor-element-5b1fa9ee\" data-id=\"5b1fa9ee\" data-element_type=\"column\" data-e-type=\"column\" data-settings=\"{&quot;background_background&quot;:&quot;classic&quot;}\">\n\t\t\t<div class=\"elementor-widget-wrap elementor-element-populated\">\n\t\t\t\t\t\t<div class=\"elementor-element elementor-element-7a15478d elementor-widget elementor-widget-spacer\" data-id=\"7a15478d\" data-element_type=\"widget\" data-e-type=\"widget\" data-widget_type=\"spacer.default\">\n\t\t\t\t<div class=\"elementor-widget-container\">\n\t\t\t\t\t\t\t<div class=\"elementor-spacer\">\n\t\t\t<div class=\"elementor-spacer-inner\"><\/div>\n\t\t<\/div>\n\t\t\t\t\t\t<\/div>\n\t\t\t\t<\/div>\n\t\t\t\t<div class=\"elementor-element elementor-element-39def469 elementor-widget elementor-widget-heading\" data-id=\"39def469\" data-element_type=\"widget\" data-e-type=\"widget\" data-widget_type=\"heading.default\">\n\t\t\t\t<div class=\"elementor-widget-container\">\n\t\t\t\t\t<h1 class=\"elementor-heading-title elementor-size-default\">Impressum<\/h1>\t\t\t\t<\/div>\n\t\t\t\t<\/div>\n\t\t\t\t<div class=\"elementor-element elementor-element-2cb7c227 elementor-widget elementor-widget-text-editor\" data-id=\"2cb7c227\" data-element_type=\"widget\" data-e-type=\"widget\" data-widget_type=\"text-editor.default\">\n\t\t\t\t<div class=\"elementor-widget-container\">\n\t\t\t\t\t\t\t\t\t<h3>Haftung<\/h3><p>Dieser Server enth\u00e4lt Links zu Seiten au\u00dferhalb dieses Servers im Internet. F\u00fcr den Inhalt der verlinkten Seiten sind ausschlie\u00dflich deren Betreiber verantwortlich. Wir stellen ausdr\u00fccklich fest, dass wir keinerlei Einfluss auf die Gestaltung und die Inhalte der verlinkten Seiten haben und \u00fcbernehmen daher auch keine Haftung f\u00fcr diese Seiten inkl. ihrer Unterseiten. Wir stellen weiters fest, dass wir uns durch die Linksetzung zu diesen Seiten ihre Inhalte nicht zu Eigen machen.<\/p><p>Falls wir auf Seiten verlinken, deren Inhalt Anlass zur Beanstandung gibt, bitten wir um Meldung.<\/p><p>Soweit personenbezogene Bezeichnungen nur in m\u00e4nnlicher Form angef\u00fchrt sind, beziehen sie sich auf Frauen und M\u00e4nner in gleicher Weise. Diese Ma\u00dfnahme stellt die optimale Lesbarkeit der Website sicher.<\/p>\t\t\t\t\t\t\t\t<\/div>\n\t\t\t\t<\/div>\n\t\t\t\t<div class=\"elementor-element elementor-element-2b41b27 elementor-widget elementor-widget-text-editor\" data-id=\"2b41b27\" data-element_type=\"widget\" data-e-type=\"widget\" data-widget_type=\"text-editor.default\">\n\t\t\t\t<div class=\"elementor-widget-container\">\n\t\t\t\t\t\t\t\t\t<h3>F\u00fcr den Inhalt verantwortlich<\/h3><p>Vokalensemble ProSono<br \/>Sitz: Sistrans<br \/>ZVR-Zahl: 1018139751<\/p><p>\u00a0<\/p><h3>Webdesign \/ Programmierung<\/h3><p>Peter Rottmayr<br \/><a href=\"http:\/\/www.techspire.at\">www.techspire.at<\/a><\/p>\t\t\t\t\t\t\t\t<\/div>\n\t\t\t\t<\/div>\n\t\t\t\t<div class=\"elementor-element elementor-element-2d001bf elementor-widget elementor-widget-spacer\" data-id=\"2d001bf\" data-element_type=\"widget\" data-e-type=\"widget\" data-widget_type=\"spacer.default\">\n\t\t\t\t<div class=\"elementor-widget-container\">\n\t\t\t\t\t\t\t<div class=\"elementor-spacer\">\n\t\t\t<div class=\"elementor-spacer-inner\"><\/div>\n\t\t<\/div>\n\t\t\t\t\t\t<\/div>\n\t\t\t\t<\/div>\n\t\t\t\t\t<\/div>\n\t\t<\/div>\n\t\t\t\t\t<\/div>\n\t\t<\/section>\n\t\t\t\t<\/div>\n\t\t","protected":false},"excerpt":{"rendered":"<p>Impressum Haftung Dieser Server enth\u00e4lt Links zu Seiten au\u00dferhalb dieses Servers im Internet. F\u00fcr den Inhalt der verlinkten Seiten sind ausschlie\u00dflich deren Betreiber verantwortlich. Wir stellen ausdr\u00fccklich fest, dass wir keinerlei Einfluss auf die Gestaltung und die Inhalte der verlinkten Seiten haben und \u00fcbernehmen daher auch keine Haftung f\u00fcr diese Seiten inkl. ihrer Unterseiten. Wir [&hellip;]<\/p>\n","protected":false},"author":1,"featured_media":0,"parent":0,"menu_order":0,"comment_status":"closed","ping_status":"closed","template":"","meta":{"footnotes":""},"class_list":["post-42","page","type-page","status-publish","hentry"],"aioseo_notices":[],"_links":{"self":[{"href":"https:\/\/www.prosono.at\/index.php?rest_route=\/wp\/v2\/pages\/42","targetHints":{"allow":["GET"]}}],"collection":[{"href":"https:\/\/www.prosono.at\/index.php?rest_route=\/wp\/v2\/pages"}],"about":[{"href":"https:\/\/www.prosono.at\/index.php?rest_route=\/wp\/v2\/types\/page"}],"author":[{"embeddable":true,"href":"https:\/\/www.prosono.at\/index.php?rest_route=\/wp\/v2\/users\/1"}],"replies":[{"embeddable":true,"href":"https:\/\/www.prosono.at\/index.php?rest_route=%2Fwp%2Fv2%2Fcomments&post=42"}],"version-history":[{"count":55,"href":"https:\/\/www.prosono.at\/index.php?rest_route=\/wp\/v2\/pages\/42\/revisions"}],"predecessor-version":[{"id":1070,"href":"https:\/\/www.prosono.at\/index.php?rest_route=\/wp\/v2\/pages\/42\/revisions\/1070"}],"wp:attachment":[{"href":"https:\/\/www.prosono.at\/index.php?rest_route=%2Fwp%2Fv2%2Fmedia&parent=42"}],"curies":[{"name":"wp","href":"https:\/\/api.w.org\/{rel}","templated":true}]}}